{"id":320,"date":"2016-08-25T11:29:39","date_gmt":"2016-08-25T11:29:39","guid":{"rendered":"https:\/\/rosarioduarte.kobudev.com\/fr\/?page_id=320"},"modified":"2018-02-27T10:14:00","modified_gmt":"2018-02-27T10:14:00","slug":"le-cabinet","status":"publish","type":"page","link":"https:\/\/rosarioduarte.kobudev.com\/fr\/rosario-duarte\/le-cabinet\/","title":{"rendered":"Le Cabinet"},"content":{"rendered":"<p>Au cabinet <strong>Ros\u00e1rio Duarte Advogados<\/strong>, nous proposons nos services uniquement en \u00e9tant certains de leur qualit\u00e9 maximale et de leur excellence. Nous offrons les meilleures solutions juridiques au vu des exigences et des besoins de nos clients, innovant et allant au-del\u00e0 de leurs attentes.<\/p>\n<p>Au cabinet <strong>Ros\u00e1rio Duarte Advogados<\/strong>, nous consolidons quotidiennement le r\u00e9seau des liens nationaux et internationaux avec qui nous partageons nos valeurs, telles que la rigueur, l\u2019\u00e9thique et la qualit\u00e9.<\/p>\n<p>Nous \u0153uvrons en vue de prendre meilleures d\u00e9cisions de nos clients, au moment et l\u00e0 o\u00f9 il le faut.<\/p>\n<p>&nbsp;<\/p>\n<ul>\n<li>D\u00e9couvrez nos <a href=\"https:\/\/rosarioduarte.kobudev.com\/fr\/expertises\/\">domaines d&rsquo;expertise<\/a>.<\/li>\n<li>Vous souhaitez prendre rendez-vous avec nous ? <a href=\"https:\/\/rosarioduarte.kobudev.com\/fr\/contacts\/\">Contactez-nous<\/a>.<\/li>\n<\/ul>\n","protected":false},"excerpt":{"rendered":"<p>Au cabinet Ros\u00e1rio Duarte Advogados, nous proposons nos services uniquement en \u00e9tant certains de leur [&hellip;]<\/p>\n","protected":false},"author":2,"featured_media":0,"parent":358,"menu_order":101,"comment_status":"closed","ping_status":"closed","template":"templates\/about-us.php","meta":{"_acf_changed":false,"inline_featured_image":false,"footnotes":""},"class_list":["post-320","page","type-page","status-publish","hentry","page-entry"],"acf":[],"aioseo_notices":[],"_links":{"self":[{"href":"https:\/\/rosarioduarte.kobudev.com\/fr\/wp-json\/wp\/v2\/pages\/320","targetHints":{"allow":["GET"]}}],"collection":[{"href":"https:\/\/rosarioduarte.kobudev.com\/fr\/wp-json\/wp\/v2\/pages"}],"about":[{"href":"https:\/\/rosarioduarte.kobudev.com\/fr\/wp-json\/wp\/v2\/types\/page"}],"author":[{"embeddable":true,"href":"https:\/\/rosarioduarte.kobudev.com\/fr\/wp-json\/wp\/v2\/users\/2"}],"replies":[{"embeddable":true,"href":"https:\/\/rosarioduarte.kobudev.com\/fr\/wp-json\/wp\/v2\/comments?post=320"}],"version-history":[{"count":5,"href":"https:\/\/rosarioduarte.kobudev.com\/fr\/wp-json\/wp\/v2\/pages\/320\/revisions"}],"predecessor-version":[{"id":971,"href":"https:\/\/rosarioduarte.kobudev.com\/fr\/wp-json\/wp\/v2\/pages\/320\/revisions\/971"}],"up":[{"embeddable":true,"href":"https:\/\/rosarioduarte.kobudev.com\/fr\/wp-json\/wp\/v2\/pages\/358"}],"wp:attachment":[{"href":"https:\/\/rosarioduarte.kobudev.com\/fr\/wp-json\/wp\/v2\/media?parent=320"}],"curies":[{"name":"wp","href":"https:\/\/api.w.org\/{rel}","templated":true}]}}