{"id":324,"date":"2016-08-25T11:32:39","date_gmt":"2016-08-25T11:32:39","guid":{"rendered":"https:\/\/rosarioduarte.kobudev.com\/fr\/?page_id=324"},"modified":"2025-11-25T09:50:49","modified_gmt":"2025-11-25T09:50:49","slug":"expertises","status":"publish","type":"page","link":"https:\/\/rosarioduarte.kobudev.com\/fr\/expertises\/","title":{"rendered":"Expertises"},"content":{"rendered":"<p>Le cabinet <strong>Ros\u00e1rio Duarte Advogados<\/strong> propose un accompagnement juridique dans 13 principaux domaines d\u2019expertise.<\/p>\n<p>Nous travaillons en partenariat avec plusieurs entit\u00e9s nationales et internationales, ce qui nous donne la possibilit\u00e9 de faire b\u00e9n\u00e9ficier nos clients de notre solide r\u00e9seau de ressources et d\u2019opportunit\u00e9s. Pour davantage d\u2019information sur ce r\u00e9seau de partenariats, consultez notre <a href=\"https:\/\/rosarioduarte.kobudev.com\/fr\/\">carte<\/a> sur la page d\u2019accueil.<\/p>\n","protected":false},"excerpt":{"rendered":"<p>Le cabinet Ros\u00e1rio Duarte Advogados propose un accompagnement juridique dans 13 principaux domaines d\u2019expertise. Nous [&hellip;]<\/p>\n","protected":false},"author":2,"featured_media":0,"parent":0,"menu_order":2,"comment_status":"closed","ping_status":"closed","template":"templates\/practice-areas.php","meta":{"_acf_changed":false,"inline_featured_image":false,"footnotes":""},"class_list":["post-324","page","type-page","status-publish","hentry","page-entry"],"acf":[],"aioseo_notices":[],"_links":{"self":[{"href":"https:\/\/rosarioduarte.kobudev.com\/fr\/wp-json\/wp\/v2\/pages\/324","targetHints":{"allow":["GET"]}}],"collection":[{"href":"https:\/\/rosarioduarte.kobudev.com\/fr\/wp-json\/wp\/v2\/pages"}],"about":[{"href":"https:\/\/rosarioduarte.kobudev.com\/fr\/wp-json\/wp\/v2\/types\/page"}],"author":[{"embeddable":true,"href":"https:\/\/rosarioduarte.kobudev.com\/fr\/wp-json\/wp\/v2\/users\/2"}],"replies":[{"embeddable":true,"href":"https:\/\/rosarioduarte.kobudev.com\/fr\/wp-json\/wp\/v2\/comments?post=324"}],"version-history":[{"count":3,"href":"https:\/\/rosarioduarte.kobudev.com\/fr\/wp-json\/wp\/v2\/pages\/324\/revisions"}],"predecessor-version":[{"id":2366,"href":"https:\/\/rosarioduarte.kobudev.com\/fr\/wp-json\/wp\/v2\/pages\/324\/revisions\/2366"}],"wp:attachment":[{"href":"https:\/\/rosarioduarte.kobudev.com\/fr\/wp-json\/wp\/v2\/media?parent=324"}],"curies":[{"name":"wp","href":"https:\/\/api.w.org\/{rel}","templated":true}]}}